{"id":2,"date":"2021-03-07T19:02:11","date_gmt":"2021-03-07T19:02:11","guid":{"rendered":"https:\/\/dpalkatresz.hu\/?page_id=2"},"modified":"2021-07-14T20:36:38","modified_gmt":"2021-07-14T20:36:38","slug":"sample-page","status":"publish","type":"page","link":"https:\/\/dpalkatresz.hu\/","title":{"rendered":"Suzuki Swift, Ignis, SX4, haszn\u00e1lt alkatr\u00e9szek Garanci\u00e1val"},"content":{"rendered":"<p>[vc_section][\/vc_section][vc_row css=&#8221;.vc_custom_1624629430469{margin-top: 20px !important;margin-bottom: 20px !important;background-image: url(https:\/\/dpalkatresz.hu\/wp-content\/uploads\/2021\/06\/shutterstock_1535211623-1.jpg?id=39) !important;border-radius: 20px !important;}&#8221;][vc_column][vc_column_text]<\/p>\n<h3 style=\"text-align: center;\"><strong>R\u00f3lunk:<\/strong><\/h3>\n<p>[\/vc_column_text][\/vc_column][vc_column width=&#8221;2\/3&#8243;][vc_column_text]<strong>\u2713<\/strong> Csal\u00e1di \u00e9rintetts\u00e9g ok\u00e1n a <strong>2000-es \u00e9vek elej\u00e9t\u0151l<\/strong> foglalkozunk Suzuki g\u00e9pkocsik \u00e9s alkatr\u00e9szeik\u00a0 ad\u00e1s\/v\u00e9tel\u00e9vel.<\/p>\n<p><strong>\u2713<\/strong> 2000-es \u00e9vek eleje \u00f3ta r\u00e9sztvesz\u00fcnk az<strong> aut\u00f3sportban Suzuki<\/strong>kkal.<\/p>\n<p><strong>\u2713<\/strong> Megl\u00e9v\u0151 val\u00f3s <strong>rakt\u00e1rk\u00e9szlettr\u0151l<\/strong> dolgozunk.<\/p>\n<p><strong>\u2713<\/strong> Alkatr\u00e9szek <strong>\u00e1tvehet\u0151k szem\u00e9lyesen<\/strong> is Dunaharasztiban.<\/p>\n<p><strong>\u2713 Orsz\u00e1gos kisz\u00e1ll\u00edt\u00e1ssal<\/strong>, ut\u00e1nv\u00e9tellel is megrendelhetik az alkatr\u00e9szeket.<\/p>\n<p><strong>\u2713<\/strong> Haszn\u00e1lt alkatr\u00e9szekre is \u00e1tlagosan minimum <strong>30 nap GARANCI\u00c1T<\/strong> bizos\u00edtunk.<\/p>\n<p><strong>\u2713<\/strong> Minden term\u00e9khez hivatalos elektronikus <strong>sz\u00e1ml\u00e1t<\/strong> \u00e1ll\u00edtunk ki a tejes \u00e1rr\u00f3l.[\/vc_column_text][\/vc_column][vc_column width=&#8221;1\/3&#8243;][vc_single_image image=&#8221;22&#8243; img_size=&#8221;medium&#8221; alignment=&#8221;center&#8221; style=&#8221;vc_box_shadow_3d&#8221; luv_floating=&#8221;true&#8221;][\/vc_column][\/vc_row][vc_row][vc_column font_size=&#8221;20px&#8221; responsive_font_size=&#8221;true&#8221;]<a href=\"tel:+36705606791\" target=\"_blank\" class=\"btn btn-shortcode btn-3d btn-rounded luv_dynamic-36ffdfe0 btn-full btn-block btn-l btn-icon btn-icon-default-left btn-hover-fill-left btn-hover-animation luv_dynamic-1429bc58 luv_dynamic-8e4b4b60\" data-animation=\"shake\"><span><i class=\"fa fa-phone-square\"><\/i><\/span><span>H\u00edvjon most: 06 70 560 67 91<\/span><\/a>[\/vc_column][\/vc_row][vc_row css=&#8221;.vc_custom_1624632457289{margin-top: 20px !important;margin-bottom: 20px !important;background-image: url(https:\/\/dpalkatresz.hu\/wp-content\/uploads\/2021\/06\/shutterstock_1535211623-1.jpg?id=39) !important;border-radius: 20px !important;}&#8221;][vc_column][vc_column_text]<\/p>\n<h3 style=\"text-align: center;\">Suzuki Modellek, melyekhez Ut\u00e1ngy\u00e1rtott \u00e9s Garanci\u00e1lis Haszn\u00e1lt alkatr\u00e9szeket k\u00edn\u00e1lunk:<\/h3>\n<p>[\/vc_column_text][\/vc_column][vc_column width=&#8221;1\/3&#8243; css=&#8221;.vc_custom_1624634014001{border-radius: 10px !important;}&#8221;]<h4 class=\"    \">Suzuki Swift 2005-2010 (MK4) Alkatr\u00e9szek<\/h4>[vc_single_image image=&#8221;163&#8243; img_size=&#8221;thumbnail&#8221; alignment=&#8221;center&#8221; style=&#8221;vc_box_border_circle&#8221; border_color=&#8221;blue&#8221;][vc_column_text font_size=&#8221;10px&#8221; responsive_font_size=&#8221;true&#8221;]<\/p>\n<div class=\"thumb tright\">\n<div class=\"thumbinner\">\n<div class=\"thumbcaption\"><\/div>\n<\/div>\n<\/div>\n<p><b>MK4<\/b>-es Swift (\u201e\u00faj Swift\u201d) 3 motort\u00edpus k\u00f6z\u00fcl v\u00e1laszthatunk: 1,3-as \u00e9s 1,5-\u00f6s benzines (92 \u00e9s 102 LE), valamint az 1,25-\u00f6s DDiS (Fiat d\u00edzel motor). A felszerelts\u00e9g is igen pazar szintet \u00e9rhet el: a maxim\u00e1lis szinten (GS) kulcs n\u00e9lk\u00fcli ind\u00edt\u00e1st, 8 l\u00e9gzs\u00e1kot \u00e9s digit\u00e1lis kl\u00edm\u00e1t is kapunk. MK4 Type 1 -(\u00daj Swift &#8211; 2005, 3ajt\u00f3s) (\u00faj Swift \u2013 2005, 5ajt\u00f3s)<\/p>\n<p>A \u201eGTi\u201d-k szerelmesei 2006-t\u00f3l \u00f6r\u00fclhettek az \u00faj sportg\u00e9pnek. Az SSS (Suzuki Swift Sport) n\u00e9vre keresztelt aut\u00f3 1,6-os motort kapott, ami 125 LE-t teljes\u00edt.<\/p>\n<p><em><a href=\"https:\/\/hu.wikipedia.org\/wiki\/Suzuki_Swift\">forr\u00e1s<\/a><\/em>[\/vc_column_text]<div class=\"luv-accordion  luv-accordion-custom-icon luv_dynamic-f389683b\"><ul class=\"luv-accordion-items\"><li class=\"luv-accordion-item accordion-item-active\"><a class=\"luv-accordion-title     \" href=\"#luv-accordion1\">V\u00e1lasszon Suzuki Swift alkaltr\u00e9sz csoportot:<i class=\"accordion-icon-default fa fa-wrench\"><\/i><i class=\"accordion-icon-active fa fa-wrench\"><\/i><\/a><div class=\"luv-accordion-content luv-accordion1  luv_dynamic-6c706e2e\"><\/div><\/li><li class=\"luv-accordion-item\"><a class=\"luv-accordion-title     \" href=\"#luv-accordion2\">Suzuki Swift Motorikus alkatr\u00e9szek<i class=\"accordion-icon-default fa fa-wrench\"><\/i><i class=\"accordion-icon-active fa fa-wrench\"><\/i><\/a><div class=\"luv-accordion-content luv-accordion2 \">[vc_column_text]<\/p>\n<ul>\n<li style=\"text-align: left;\">Suzuki Swift Benzines \u00e9s Diesel Komplett motor<\/li>\n<li style=\"text-align: left;\">Suzuki Swift Benzines \u00e9s Diesel Olajtekn\u0151<\/li>\n<li style=\"text-align: left;\">Suzuki Swift Benzines \u00e9s Diesel Hengerfej<\/li>\n<li style=\"text-align: left;\">Suzuki Swift Benzines \u00e9s Diesel F\u0171z\u00f6tt blokk<\/li>\n<li style=\"text-align: left;\">Suzuki Swift Benzines \u00e9s Diesel Vez\u00e9rm\u0171<\/li>\n<li style=\"text-align: left;\">Suzuki Swift Benzines \u00e9s Diesel Gener\u00e1tor<\/li>\n<li style=\"text-align: left;\">Suzuki Swift Benzines \u00e9s Diesel Sz\u00edv\u00f3csonk<\/li>\n<li style=\"text-align: left;\">Suzuki Swift Benzines \u00e9s Diesel Kipufog\u00f3csonk<\/li>\n<li style=\"text-align: left;\">Suzuki Swift Benzines \u00e9s Diesel Komplett kipufog\u00f3 rendszer<\/li>\n<li style=\"text-align: left;\">Suzuki Swift Benzines \u00e9s Diesel Kipufog\u00f3 dob<\/li>\n<li style=\"text-align: left;\">Suzuki Swift Benzines \u00e9s Diesel \u00d6nind\u00edt\u00f3<\/li>\n<li style=\"text-align: left;\">Suzuki Swift Benzines \u00e9s Diesel\u00a0 Kataliz\u00e1tor \/ R\u00e9szecskesz\u0171s\u0151<\/li>\n<li style=\"text-align: left;\">Egy\u00e9b Suzuki Swift Benzines \u00e9s Diesel\u00a0 Motorikus alketr\u00e9szek ut\u00e1n \u00e9rdekl\u0151dj\u00f6n telefonon<\/li>\n<\/ul>\n<p>[\/vc_column_text]<\/div><\/li><li class=\"luv-accordion-item\"><a class=\"luv-accordion-title     \" href=\"#luv-accordion3\">Suzuki Swift Hajt\u00e1s alkatr\u00e9szei<i class=\"accordion-icon-default fa fa-wrench\"><\/i><i class=\"accordion-icon-active fa fa-wrench\"><\/i><\/a><div class=\"luv-accordion-content luv-accordion3 \">[vc_column_text]<\/p>\n<ul>\n<li>Suzuki Swift Benzines \u00e9s Diesel v\u00e1lt\u00f3k<\/li>\n<li>Suzuki Swift Benzines \u00e9s Diesel F\u00e9ltengelyek<\/li>\n<li>Suzuki Swift Benzines \u00e9s Diesel Kuplung szerkezet<\/li>\n<li>Suzuki Swift Benzines \u00e9s Diesel Kuplung t\u00e1rcsa<\/li>\n<li>Suzuki Swift Benzines \u00e9s Diesel als\u00f3 Kuplung Munkahenger<\/li>\n<li>Suzuki Swift Benzines \u00e9s Diesel\u00a0 fels\u0151 Kuplung Munkahenger<\/li>\n<\/ul>\n<p>[\/vc_column_text]<\/div><\/li><li class=\"luv-accordion-item\"><a class=\"luv-accordion-title     \" href=\"#luv-accordion4\">Szekci\u00f3<i class=\"accordion-icon-default fa fa-wrench\"><\/i><i class=\"accordion-icon-active fa fa-wrench\"><\/i><\/a><div class=\"luv-accordion-content luv-accordion4 \"><\/div><\/li><\/ul><\/div>[\/vc_column][vc_column width=&#8221;1\/3&#8243; css=&#8221;.vc_custom_1624629326982{border-radius: 10px !important;}&#8221;]<h4 class=\"    \">Suzuki Ignis (2003\u20132007) Alkatr\u00e9szek<\/h4>[vc_single_image image=&#8221;162&#8243; img_size=&#8221;thumbnail&#8221; alignment=&#8221;center&#8221; style=&#8221;vc_box_border_circle&#8221; border_color=&#8221;blue&#8221;][vc_column_text font_size=&#8221;10px&#8221; responsive_font_size=&#8221;true&#8221;]<\/p>\n<div class=\"thumb tright\">\n<div class=\"thumbinner\">\n<div class=\"thumbcaption\">\n<p>A Suzuki IGNIS-nek ezt a v\u00e1ltozatot m\u00e1r nem Jap\u00e1nb\u00f3l import\u00e1lt\u00e1k Eur\u00f3p\u00e1ba, hanem az esztergomi \u00fczemben gy\u00e1rtott\u00e1k. Az Eur\u00f3p\u00e1ban gy\u00e1rtott v\u00e1ltozat nem egyezett az eredeti jap\u00e1nnal. Az el\u0151z\u0151 Ignishez k\u00e9pest 15 centim\u00e9tert n\u0151tt az aut\u00f3 hossza a h\u00e1ts\u00f3 utas- \u00e9s csomagt\u00e9r el\u0151ny\u00e9re, ut\u00f3bbi alaphelyzetben 236 literes. Kezdetben k\u00e9t motorral volt kaphat\u00f3, a jap\u00e1n Ignis 1,3 literes Benzines, 93 l\u00f3er\u0151s\u00e9vel \u00e9s 1,5 literes Benzines, 99 l\u00f3er\u0151s\u00e9vel. A k\u00edn\u00e1lathoz hamarosan csatlakozott egy 1,25 literes Fiat d\u00edzelmotor is. Benzinmotoros v\u00e1ltozatai nem \u00e9rt\u00e9k el az 1000 kilogrammot. <strong>\u00d6sszker\u00e9khajt\u00e1s\u00fa<\/strong> v\u00e1ltozat\u00e1t egyes piacokon\u00a0Subaru Justy G3X\u00a0n\u00e9ven \u00e1rus\u00edtott\u00e1k.<\/p>\n<p>Az Ignis modellb\u0151l is l\u00e9tezett sportv\u00e1ltozat\u00a0Suzuki Ignis Super1600\u00a0n\u00e9ven. Magyarorsz\u00e1gon az aut\u00f3sportban 2004-es Start Aut\u00f3 Eger Rallyn\u00a0Keller P\u00e9ter\u00a0\u00e9s\u00a0Oll\u00e9 S\u00e1ndor\u00a0kezei k\u00f6zt mutatkozott be.<\/p>\n<p><a href=\"https:\/\/hu.wikipedia.org\/wiki\/Suzuki_Ignis\"><em>forr\u00e1s<\/em><\/a><\/p>\n<\/div>\n<\/div>\n<\/div>\n<p>[\/vc_column_text]<div class=\"luv-accordion  luv_dynamic-f389683b\"><ul class=\"luv-accordion-items\"><li class=\"luv-accordion-item accordion-item-active\"><a class=\"luv-accordion-title     \" href=\"#luv-accordion1\">V\u00e1lasszon Suzuki Ignis alkaltr\u00e9sz csoportot:<\/a><div class=\"luv-accordion-content luv-accordion1  luv_dynamic-6c706e2e\"><\/div><\/li><li class=\"luv-accordion-item\"><a class=\"luv-accordion-title     \" href=\"#luv-accordion2\">Suzuki Swift Motorikus alkatr\u00e9szek<\/a><div class=\"luv-accordion-content luv-accordion2 \">[vc_column_text]<\/p>\n<ul>\n<li style=\"text-align: left;\">Suzuki Swift Benzines \u00e9s Diesel Komplett motor<\/li>\n<li style=\"text-align: left;\">Suzuki Swift Benzines \u00e9s Diesel Olajtekn\u0151<\/li>\n<li style=\"text-align: left;\">Suzuki Swift Benzines \u00e9s Diesel Hengerfej<\/li>\n<li style=\"text-align: left;\">Suzuki Swift Benzines \u00e9s Diesel F\u0171z\u00f6tt blokk<\/li>\n<li style=\"text-align: left;\">Suzuki Swift Benzines \u00e9s Diesel Vez\u00e9rm\u0171<\/li>\n<li style=\"text-align: left;\">Suzuki Swift Benzines \u00e9s Diesel Gener\u00e1tor<\/li>\n<li style=\"text-align: left;\">Suzuki Swift Benzines \u00e9s Diesel Sz\u00edv\u00f3csonk<\/li>\n<li style=\"text-align: left;\">Suzuki Swift Benzines \u00e9s Diesel Kipufog\u00f3csonk<\/li>\n<li style=\"text-align: left;\">Suzuki Swift Benzines \u00e9s Diesel Komplett kipufog\u00f3 rendszer<\/li>\n<li style=\"text-align: left;\">Suzuki Swift Benzines \u00e9s Diesel Kipufog\u00f3 dob<\/li>\n<li style=\"text-align: left;\">Suzuki Swift Benzines \u00e9s Diesel \u00d6nind\u00edt\u00f3<\/li>\n<li style=\"text-align: left;\">Suzuki Swift Benzines \u00e9s Diesel\u00a0 Kataliz\u00e1tor \/ R\u00e9szecskesz\u0171s\u0151<\/li>\n<li style=\"text-align: left;\">Egy\u00e9b Suzuki Swift Benzines \u00e9s Diesel\u00a0 Motorikus alketr\u00e9szek ut\u00e1n \u00e9rdekl\u0151dj\u00f6n telefonon<\/li>\n<\/ul>\n<p>[\/vc_column_text]<\/div><\/li><li class=\"luv-accordion-item\"><a class=\"luv-accordion-title     \" href=\"#luv-accordion3\">Suzuki Swift Hajt\u00e1s alkatr\u00e9szei<\/a><div class=\"luv-accordion-content luv-accordion3 \">[vc_column_text]<\/p>\n<ul>\n<li>Suzuki Swift Benzines \u00e9s Diesel v\u00e1lt\u00f3k<\/li>\n<li>Suzuki Swift Benzines \u00e9s Diesel F\u00e9ltengelyek<\/li>\n<li>Suzuki Swift Benzines \u00e9s Diesel Kuplung szerkezet<\/li>\n<li>Suzuki Swift Benzines \u00e9s Diesel Kuplung t\u00e1rcsa<\/li>\n<li>Suzuki Swift Benzines \u00e9s Diesel als\u00f3 Kuplung Munkahenger<\/li>\n<li>Suzuki Swift Benzines \u00e9s Diesel\u00a0 fels\u0151 Kuplung Munkahenger<\/li>\n<\/ul>\n<p>[\/vc_column_text]<\/div><\/li><li class=\"luv-accordion-item\"><a class=\"luv-accordion-title     \" href=\"#luv-accordion4\">Szekci\u00f3<\/a><div class=\"luv-accordion-content luv-accordion4 \"><\/div><\/li><\/ul><\/div>[\/vc_column][vc_column width=&#8221;1\/3&#8243; css=&#8221;.vc_custom_1624629335438{border-radius: 10px !important;}&#8221;]<h4 class=\"    \">Suzuki SX4 (2006\u20132014) Alkatr\u00e9szek<\/h4>[vc_single_image image=&#8221;164&#8243; img_size=&#8221;thumbnail&#8221; alignment=&#8221;center&#8221; style=&#8221;vc_box_border_circle&#8221; border_color=&#8221;blue&#8221;][vc_column_text font_size=&#8221;10px&#8221; responsive_font_size=&#8221;true&#8221;]<\/p>\n<div class=\"thumb tright\">\n<div class=\"thumbinner\">\n<div class=\"thumbcaption\">\n<p>A Szzuki sx4 motork\u00edn\u00e1lata alj\u00e1n egy a Suzuki Swiftb\u0151l m\u00e1r ismert 1,5 literes benzinmotor kapott helyet. Ezt k\u00f6vette egy v\u00e1ltoz\u00f3 szelepvez\u00e9rl\u00e9s\u0171 (VVT) 1,6 literes, 101 l\u00f3er\u0151s (75 kW) benzines, valamint egy \u00fajabb, szint\u00e9n 1,6 literes VVT, 106 l\u00f3er\u0151vel (79 kW), melyet a Grand Viat\u00e1rban is haszn\u00e1ltak. Az 1,9 \u00e9s 2,0 literes d\u00edzelmotorok a Fiatt\u00f3l sz\u00e1rmaztak.<\/p>\n<p>2010-ben megjelent egy \u00faj 1,6 literes, dupla vez\u00e9rm\u0171tengelyes \u00e9s egy 2,0 literes, szint\u00e9n dupla vez\u00e9rm\u0171tengelyes benzinmotor, valamint egy szint\u00e9n \u00e1tdolgozott 2,0 literes DDiS d\u00edzel. Az 1,6 literes er\u0151forr\u00e1s imm\u00e1r megfelelt az Euro 5-\u00f6s kibocs\u00e1t\u00e1si norm\u00e1knak \u00e9s teljes\u00edtm\u00e9nye is megn\u0151tt, 107-r\u0151l 120 l\u00f3er\u0151re.<\/p>\n<p><a href=\"https:\/\/hu.wikipedia.org\/wiki\/Suzuki_SX4\"><em>forr\u00e1s<\/em><\/a><\/p>\n<\/div>\n<\/div>\n<\/div>\n<p>[\/vc_column_text]<div class=\"luv-accordion  luv_dynamic-f389683b\"><ul class=\"luv-accordion-items\"><li class=\"luv-accordion-item accordion-item-active\"><a class=\"luv-accordion-title     \" href=\"#luv-accordion1\">V\u00e1lasszon Suzuki SX4 alkaltr\u00e9sz csoportot:<\/a><div class=\"luv-accordion-content luv-accordion1  luv_dynamic-6c706e2e\"><\/div><\/li><li class=\"luv-accordion-item\"><a class=\"luv-accordion-title     \" href=\"#luv-accordion2\">Suzuki Swift Motorikus alkatr\u00e9szek<\/a><div class=\"luv-accordion-content luv-accordion2 \">[vc_column_text]<\/p>\n<ul>\n<li style=\"text-align: left;\">Suzuki Swift Benzines \u00e9s Diesel Komplett motor<\/li>\n<li style=\"text-align: left;\">Suzuki Swift Benzines \u00e9s Diesel Olajtekn\u0151<\/li>\n<li style=\"text-align: left;\">Suzuki Swift Benzines \u00e9s Diesel Hengerfej<\/li>\n<li style=\"text-align: left;\">Suzuki Swift Benzines \u00e9s Diesel F\u0171z\u00f6tt blokk<\/li>\n<li style=\"text-align: left;\">Suzuki Swift Benzines \u00e9s Diesel Vez\u00e9rm\u0171<\/li>\n<li style=\"text-align: left;\">Suzuki Swift Benzines \u00e9s Diesel Gener\u00e1tor<\/li>\n<li style=\"text-align: left;\">Suzuki Swift Benzines \u00e9s Diesel Sz\u00edv\u00f3csonk<\/li>\n<li style=\"text-align: left;\">Suzuki Swift Benzines \u00e9s Diesel Kipufog\u00f3csonk<\/li>\n<li style=\"text-align: left;\">Suzuki Swift Benzines \u00e9s Diesel Komplett kipufog\u00f3 rendszer<\/li>\n<li style=\"text-align: left;\">Suzuki Swift Benzines \u00e9s Diesel Kipufog\u00f3 dob<\/li>\n<li style=\"text-align: left;\">Suzuki Swift Benzines \u00e9s Diesel \u00d6nind\u00edt\u00f3<\/li>\n<li style=\"text-align: left;\">Suzuki Swift Benzines \u00e9s Diesel\u00a0 Kataliz\u00e1tor \/ R\u00e9szecskesz\u0171s\u0151<\/li>\n<li style=\"text-align: left;\">Egy\u00e9b Suzuki Swift Benzines \u00e9s Diesel\u00a0 Motorikus alketr\u00e9szek ut\u00e1n \u00e9rdekl\u0151dj\u00f6n telefonon<\/li>\n<\/ul>\n<p>[\/vc_column_text]<\/div><\/li><li class=\"luv-accordion-item\"><a class=\"luv-accordion-title     \" href=\"#luv-accordion3\">Suzuki Swift Hajt\u00e1s alkatr\u00e9szei<\/a><div class=\"luv-accordion-content luv-accordion3 \">[vc_column_text]<\/p>\n<ul>\n<li>Suzuki Swift Benzines \u00e9s Diesel v\u00e1lt\u00f3k<\/li>\n<li>Suzuki Swift Benzines \u00e9s Diesel F\u00e9ltengelyek<\/li>\n<li>Suzuki Swift Benzines \u00e9s Diesel Kuplung szerkezet<\/li>\n<li>Suzuki Swift Benzines \u00e9s Diesel Kuplung t\u00e1rcsa<\/li>\n<li>Suzuki Swift Benzines \u00e9s Diesel als\u00f3 Kuplung Munkahenger<\/li>\n<li>Suzuki Swift Benzines \u00e9s Diesel\u00a0 fels\u0151 Kuplung Munkahenger<\/li>\n<\/ul>\n<p>[\/vc_column_text]<\/div><\/li><li class=\"luv-accordion-item\"><a class=\"luv-accordion-title     \" href=\"#luv-accordion4\">Szekci\u00f3<\/a><div class=\"luv-accordion-content luv-accordion4 \"><\/div><\/li><\/ul><\/div>[\/vc_column][\/vc_row][vc_section][vc_row][vc_column font_size=&#8221;20px&#8221; responsive_font_size=&#8221;true&#8221;]<a href=\"tel:+36705606791\" target=\"_blank\" class=\"btn btn-shortcode btn-3d btn-rounded luv_dynamic-36ffdfe0 btn-full btn-block btn-l btn-icon btn-icon-default-left btn-hover-fill-left btn-hover-animation luv_dynamic-1429bc58 luv_dynamic-8e4b4b60\" data-animation=\"shake\"><span><i class=\"fa fa-phone-square\"><\/i><\/span><span>H\u00edvjon most: 06 70 560 67 91<\/span><\/a>[\/vc_column][\/vc_row][\/vc_section][vc_section][vc_row luv_text_alignment=&#8221;center&#8221; css=&#8221;.vc_custom_1626294296112{margin-top: 20px !important;margin-bottom: 20px !important;background-image: url(https:\/\/dpalkatresz.hu\/wp-content\/uploads\/2021\/06\/vala-BG4.jpg?id=133) !important;border-radius: 20px !important;}&#8221;][vc_column]<h2 class=\"    \">Jelen\u00fcnk a Suzuki Aut\u00f3sportban<\/h2>[\/vc_column][vc_column width=&#8221;1\/2&#8243;]<h4 class=\"    \">A maximumra t\u00f6reksz\u00fcnk<\/h4>[vc_column_text]Ahogy az \u00fczleti \u00e9letben is maximumra t\u00f6reksz\u00fcnk, mivel a haszn\u00e1lt alkatr\u00e9szekre is \u00e1tlag 30 nap garanci\u00e1t adunk, \u00fagy az aut\u00f3sportban is, hiszen ha egy versenyen elindulunk, ott a minimum elv\u00e1r\u00e1s magunkkal szemben a kateg\u00f3ria I. helyez\u00e9s, de az abszolut dobogos helyez\u00e9s a c\u00e9l.[\/vc_column_text]<h4 class=\"    \">Ha Te is kedvet kapt\u00e1l a versenyz\u00e9shez:<\/h4>[vc_column_text]Ig\u00e9ny szerint k\u00f6zrem\u0171k\u00f6d\u00fcnk a Suzuki Veresenyaut\u00f3d, verseny alkatr\u00e9szainek tervez\u00e9s\u00e9ben, beszerz\u00e9s\u00e9ben, be\u00e9p\u00edt\u00e9s\u00e9ben:<\/p>\n<ul>\n<li>\u00c9p\u00edtett v\u00e1lt\u00f3<\/li>\n<li>Sport kipufog\u00f3rendszer<\/li>\n<li>Buk\u00f3cs\u0151<\/li>\n<\/ul>\n<p>[\/vc_column_text][\/vc_column][vc_column width=&#8221;1\/2&#8243;][vc_column_text]<iframe loading=\"lazy\" style=\"border: none; overflow: hidden;\" src=\"https:\/\/www.facebook.com\/plugins\/page.php?href=https%3A%2F%2Fwww.facebook.com%2Fvalamotorsport%2F&amp;tabs=timeline&amp;width=340&amp;height=500&amp;small_header=false&amp;adapt_container_width=true&amp;hide_cover=false&amp;show_facepile=false&amp;appId\" width=\"340\" height=\"500\" frameborder=\"0\" scrolling=\"no\" allowfullscreen=\"allowfullscreen\"><\/iframe>[\/vc_column_text][\/vc_column][\/vc_row][vc_row luv_text_alignment=&#8221;center&#8221; css=&#8221;.vc_custom_1626293751263{margin-top: 10px !important;margin-right: 10px !important;margin-bottom: 10px !important;margin-left: 10px !important;border-radius: 10px !important;}&#8221;][vc_column luv_text_alignment=&#8221;center&#8221;][\/vc_column][\/vc_row][\/vc_section][vc_section][vc_row][vc_column font_size=&#8221;20px&#8221; responsive_font_size=&#8221;true&#8221;]<a href=\"tel:+36705606791\" target=\"_blank\" class=\"btn btn-shortcode btn-3d btn-rounded luv_dynamic-36ffdfe0 btn-full btn-block btn-l btn-icon btn-icon-default-left btn-hover-fill-left btn-hover-animation luv_dynamic-1429bc58 luv_dynamic-8e4b4b60\" data-animation=\"shake\"><span><i class=\"fa fa-phone-square\"><\/i><\/span><span>H\u00edvjon most: 06 70 560 67 91<\/span><\/a>[\/vc_column][\/vc_row][\/vc_section][vc_row][vc_column]<div class=\"luv-separator luv_dynamic-0d9ccb0c     \"><\/div>[\/vc_column][\/vc_row]<\/p>\n","protected":false},"excerpt":{"rendered":"<p>[vc_section][\/vc_section][vc_row css=&#8221;.vc_custom_1624629430469{margin-top: 20px !important;margin-bottom: 20px !important;background-image: url(https:\/\/dpalkatresz.hu\/wp-content\/uploads\/2021\/06\/shutterstock_1535211623-1.jpg?id=39) !important;border-radius: 20px !important;}&#8221;][vc_column][vc_column_text] R\u00f3lunk: [\/vc_column_text][\/vc_column][vc_column width=&#8221;2\/3&#8243;][vc_column_text]\u2713 Csal\u00e1di \u00e9rintetts\u00e9g ok\u00e1n a 2000-es \u00e9vek elej\u00e9t\u0151l foglalkozunk Suzuki g\u00e9pkocsik \u00e9s alkatr\u00e9szeik\u00a0 ad\u00e1s\/v\u00e9tel\u00e9vel. \u2713 2000-es \u00e9vek eleje \u00f3ta r\u00e9sztvesz\u00fcnk az aut\u00f3sportban Suzukikkal. \u2713 Megl\u00e9v\u0151 val\u00f3s rakt\u00e1rk\u00e9szlettr\u0151l dolgozunk. \u2713 Alkatr\u00e9szek \u00e1tvehet\u0151k szem\u00e9lyesen is Dunaharasztiban. \u2713 Orsz\u00e1gos kisz\u00e1ll\u00edt\u00e1ssal, ut\u00e1nv\u00e9tellel is megrendelhetik az alkatr\u00e9szeket. \u2713 [&hellip;]<\/p>\n","protected":false},"author":1,"featured_media":0,"parent":0,"menu_order":0,"comment_status":"closed","ping_status":"open","template":"","meta":[],"_links":{"self":[{"href":"https:\/\/dpalkatresz.hu\/index.php?rest_route=\/wp\/v2\/pages\/2"}],"collection":[{"href":"https:\/\/dpalkatresz.hu\/index.php?rest_route=\/wp\/v2\/pages"}],"about":[{"href":"https:\/\/dpalkatresz.hu\/index.php?rest_route=\/wp\/v2\/types\/page"}],"author":[{"embeddable":true,"href":"https:\/\/dpalkatresz.hu\/index.php?rest_route=\/wp\/v2\/users\/1"}],"replies":[{"embeddable":true,"href":"https:\/\/dpalkatresz.hu\/index.php?rest_route=%2Fwp%2Fv2%2Fcomments&post=2"}],"version-history":[{"count":90,"href":"https:\/\/dpalkatresz.hu\/index.php?rest_route=\/wp\/v2\/pages\/2\/revisions"}],"predecessor-version":[{"id":165,"href":"https:\/\/dpalkatresz.hu\/index.php?rest_route=\/wp\/v2\/pages\/2\/revisions\/165"}],"wp:attachment":[{"href":"https:\/\/dpalkatresz.hu\/index.php?rest_route=%2Fwp%2Fv2%2Fmedia&parent=2"}],"curies":[{"name":"wp","href":"https:\/\/api.w.org\/{rel}","templated":true}]}}